{"id":185,"date":"2019-07-04T08:34:10","date_gmt":"2019-07-04T08:34:10","guid":{"rendered":"http:\/\/abrahampartners.hu\/?page_id=185"},"modified":"2024-01-23T14:01:25","modified_gmt":"2024-01-23T13:01:25","slug":"adatvedelmi-tajekoztato","status":"publish","type":"page","link":"https:\/\/abrahampartners.hu\/sk\/adatvedelmi-tajekoztato\/","title":{"rendered":"Adatv\u00e9delmi t\u00e1j\u00e9koztat\u00f3"},"content":{"rendered":"<div class=\"vce-row-container\" data-vce-boxed-width=\"true\"><div class=\"vce-row vce-row--col-gap-30 vce-row-equal-height vce-row-content--top\" id=\"el-409b11ea\" data-vce-do-apply=\"all el-409b11ea\"><div class=\"vce-row-content\" data-vce-element-content=\"true\"><div class=\"vce-col vce-col--md-auto vce-col--xs-1 vce-col--xs-last vce-col--xs-first vce-col--sm-last vce-col--sm-first vce-col--md-last vce-col--lg-last vce-col--xl-last vce-col--md-first vce-col--lg-first vce-col--xl-first\" id=\"el-5ab506d9\"><div class=\"vce-col-inner\" data-vce-do-apply=\"border margin background  el-5ab506d9\"><div class=\"vce-col-content\" data-vce-element-content=\"true\" data-vce-do-apply=\"padding el-5ab506d9\"><div class=\"vce-text-block\"><div class=\"vce-text-block-wrapper vce\" id=\"el-6286ef6b\" data-vce-do-apply=\"all el-6286ef6b\"><div class=\"cli_pg_page_contaner\"><h3>Adatv\u00e9delmi t\u00e1j\u00e9koztat\u00f3<\/h3><div><p>A jelen Adatv\u00e9delmi Szab\u00e1lyzat az abrahampartners.hu avagy Abraham &amp; Partners Kft., mint szolg\u00e1ltat\u00f3 (\u201cSzolg\u00e1ltat\u00f3\u201d) \u00e1ltal \u00fczemeltetett honlap haszn\u00e1lat\u00e1ra vonatkoz\u00f3 s\u00fcti (tov\u00e1bbiakban angolul: cookie) felt\u00e9teleket tartalmazz\u00e1k. A weboldal kialak\u00edt\u00e1s\u00e1n\u00e1l figyelt\u00fcnk a cookie-k tov\u00e1bbi felhaszn\u00e1l\u00e1s\u00e1ra vonatkoz\u00f3 el\u0151\u00edr\u00e1sokra. Ezen haszn\u00e1latra vonatkoz\u00f3an az al\u00e1bbi el\u0151\u00edr\u00e1sokat vett\u00fck figyelembe \u00e9s ezeknek megfelel\u0151en haszn\u00e1ljuk:<\/p><ul><li><span style=\"color: #000000;\"><a style=\"color: #000000;\" title=\"2003. \u00e9vi C. t\u00f6rv\u00e9ny az elektronikus h\u00edrk\u00f6zl\u00e9sr\u0151l\" href=\"http:\/\/net.jogtar.hu\/jr\/gen\/hjegy_doc.cgi?docid=A0300100.TV\" target=\"_blank\" rel=\"noopener noreferrer\">2003. \u00e9vi C. t\u00f6rv\u00e9ny az elektronikus h\u00edrk\u00f6zl\u00e9sr\u0151l<\/a><\/span><\/li><li><span style=\"color: #000000;\"><a style=\"color: #000000;\" title=\"2001. \u00e9vi CVIII. t\u00f6rv\u00e9ny az elektronikus kereskedelmi szolg\u00e1ltat\u00e1sok, valamint az inform\u00e1ci\u00f3s t\u00e1rsadalommal \u00f6sszef\u00fcgg\u0151 szolg\u00e1ltat\u00e1sok egyes k\u00e9rd\u00e9seir\u0151l\" href=\"http:\/\/net.jogtar.hu\/jr\/gen\/hjegy_doc.cgi?docid=A0100108.TV\" target=\"_blank\" rel=\"noopener noreferrer\">2001. \u00e9vi CVIII. t\u00f6rv\u00e9ny az elektronikus kereskedelmi szolg\u00e1ltat\u00e1sok, valamint az inform\u00e1ci\u00f3s t\u00e1rsadalommal \u00f6sszef\u00fcgg\u0151 szolg\u00e1ltat\u00e1sok egyes k\u00e9rd\u00e9seir\u0151l<\/a><\/span><\/li><li><span style=\"color: #000000;\"><a style=\"color: #000000;\" title=\"2011. \u00e9vi CXII. t\u00f6rv\u00e9ny az inform\u00e1ci\u00f3s \u00f6nrendelkez\u00e9si jogr\u00f3l \u00e9s az inform\u00e1ci\u00f3szabads\u00e1gr\u00f3l\" href=\"http:\/\/net.jogtar.hu\/jr\/gen\/hjegy_doc.cgi?docid=A1100112.TV\" target=\"_blank\" rel=\"noopener noreferrer\">2011. \u00e9vi CXII. t\u00f6rv\u00e9ny az inform\u00e1ci\u00f3s \u00f6nrendelkez\u00e9si jogr\u00f3l \u00e9s az inform\u00e1ci\u00f3szabads\u00e1gr\u00f3l<\/a><\/span><\/li><li><span style=\"color: #000000;\"><a style=\"color: #000000;\" title=\"2002\/58\/EK ir\u00e1nyelv (2002. j\u00falius 12.) az elektronikus h\u00edrk\u00f6zl\u00e9si \u00e1gazatban a szem\u00e9lyes adatok kezel\u00e9s\u00e9r\u0151l, feldolgozAz \u00e1s\u00e1r\u00f3l \u00e9s a mag\u00e1n\u00e9let v\u00e9delm\u00e9r\u0151l (&quot;Elektronikus h\u00edrk\u00f6zl\u00e9si adatv\u00e9delmi ir\u00e1nyelv&quot;)\" href=\"http:\/\/eur-lex.europa.eu\/LexUriServ\/LexUriServ.do?uri=CELEX:32002L0058:HU:HTML\" target=\"_blank\" rel=\"noopener noreferrer\">2002\/58\/EK ir\u00e1nyelv (2002. j\u00falius 12.) az elektronikus h\u00edrk\u00f6zl\u00e9si \u00e1gazatban a szem\u00e9lyes adatok kezel\u00e9s\u00e9r\u0151l, feldolgoz\u00e1s\u00e1r\u00f3l \u00e9s a mag\u00e1n\u00e9let v\u00e9delm\u00e9r\u0151l (\u201cElektronikus h\u00edrk\u00f6zl\u00e9si adatv\u00e9delmi ir\u00e1nyelv\u201d)<\/a><\/span><\/li><\/ul><p>K\u00e9rj\u00fck, hogy a dokumentumokat olvassa el \u00e9s csak akkor vegye ig\u00e9nybe szolg\u00e1ltat\u00e1sainkat, amennyiben minden pontj\u00e1val egyet\u00e9rt \u00e9s azokat \u00f6nre (a tov\u00e1bbiakban: felhaszn\u00e1l\u00f3) n\u00e9zve k\u00f6telez\u0151 \u00e9rv\u00e9ny\u0171nek elfogadja. Felh\u00edvjuk figyelm\u00e9t, hogy jelen szab\u00e1lyzat csak az adott weboldalon t\u00f6rt\u00e9n\u0151 cookie-kezel\u00e9sre vonatkozik. Amennyiben \u00f6n a honlapon tal\u00e1lhat\u00f3, k\u00fcls\u0151 ir\u00e1nyba t\u00f6rt\u00e9n\u0151 hivatkoz\u00e1sra kattint, akkor keresse meg \u00e9s olvassa \u00e1t azon weboldal saj\u00e1t szab\u00e1lyzat\u00e1t is.<\/p><\/div><h3>Mi az a cookie \/ s\u00fcti?<\/h3><div><p>A cookie vagy s\u00fcti jelent\u00e9se: f\u00e1jlok vagy inform\u00e1ci\u00f3 darabk\u00e1k, amelyeket internetes b\u00f6ng\u00e9sz\u0151je ment le honlapunkr\u00f3l \u00e9s t\u00e1rolja azokat az \u00d6n g\u00e9p\u00e9n. Ezen a cookie-k seg\u00edts\u00e9g\u00e9vel ismeri fel a honlapunk anyagait t\u00e1rol\u00f3 szerver sz\u00e1m\u00edt\u00f3g\u00e9p a honlapunkra t\u00f6rt\u00e9n\u0151 visszal\u00e1togat\u00e1sakor, hogy \u00d6n m\u00e1r j\u00e1rt a honlapunkon.<\/p><\/div><h3>Hogyan haszn\u00e1ljuk a cookie-kat?<\/h3><div><p>A legt\u00f6bb internetes b\u00f6ng\u00e9sz\u0151 (pl. Chrome, Safari, Firefox, Opera, Internet Explorer) alapbe\u00e1ll\u00edt\u00e1s\u00e1b\u00f3l kifoly\u00f3lag elfogad cookie-kat. Weboldalunk haszn\u00e1l ilyen cookie f\u00e1jlokat, egyes funkci\u00f3k biztos\u00edt\u00e1sa \u00e9rdek\u00e9ben. Az \u00e1ltalunk haszn\u00e1lt cookie-k nem terhelik, lass\u00edtj\u00e1k \u00e9s nem okoznak k\u00e1rt az \u00d6n sz\u00e1m\u00edt\u00f3g\u00e9p\u00e9ben..<\/p><\/div><h3>Milyen cookie-t haszn\u00e1lunk?<\/h3><div><p>T\u00f6bbf\u00e9le cookie van haszn\u00e1latban, de minden weboldal m\u00e1sf\u00e9le t\u00edpus\u00faakat haszn\u00e1l. Honlapunk \u00e1ltal\u00e1ban csak az al\u00e1bbiakat haszn\u00e1lja, de a fejleszt\u00e9sek alkalm\u00e1val el\u0151fordulhat, hogy az eddigieken fel\u00fcl \u00fajabb fajt\u00e1kat is alkalmazunk.<\/p><p class=\"luv_dynamic-d0896d65\"><strong>Munkameneti \/ \u00c1tmeneti cookie (s\u00fcti):<\/strong><\/p><ul><li>ezek a cookie-k csak \u00e1tmenetileg ker\u00fclnek az ideiglenes mem\u00f3ri\u00e1ba, ameddig a felhaszn\u00e1l\u00f3 az oldalon navig\u00e1l. Amikor a felhaszn\u00e1l\u00f3 bez\u00e1rja a b\u00f6ng\u00e9sz\u0151t a cookie t\u00f6rl\u0151dik. Ezek a cookie-k nem tartalmaznak szem\u00e9lyes adatokat \u00e9s nem alkalmasak arra, hogy a l\u00e1togat\u00f3t beazonos\u00edtsa.<\/li><\/ul><p class=\"luv_dynamic-d0896d65\"><strong>T\u00e1rolt \/ \u00c1lland\u00f3 cookie (s\u00fcti):<\/strong><\/p><ul><li>ezek azok a cookie-k, amelyek minden alkalommal haszn\u00e1latba ker\u00fclnek, amikor a felhaszn\u00e1l\u00f3 az oldalra l\u00e1togat. A cookie-k fajt\u00e1ja alapj\u00e1n az al\u00e1bbiak szerint haszn\u00e1lhatjuk ezeket:<\/li><\/ul><p class=\"luv_dynamic-d0896d65\"><strong>- Analitika \/ Elemz\u00e9s:<\/strong><\/p><ul><li>ez mutatja meg, hogy a weboldalon bel\u00fcl merre j\u00e1rt, milyen term\u00e9keket n\u00e9zett meg, mit csin\u00e1lt. A cookie \u00e9lettartam\u00e1t\u00f3l f\u00fcgg\u0151en marad a kliens g\u00e9pen (az \u00d6n g\u00e9p\u00e9n). Olyan funkci\u00f3k haszn\u00e1lhatj\u00e1k, mint p\u00e9ld\u00e1ul a Google Analytics vagy a Youtube. Ezek a cookie-k nem tartalmaznak szem\u00e9lyes adatokat \u00e9s nem alkalmasak arra, hogy a l\u00e1togat\u00f3t beazonos\u00edtsa.<\/li><\/ul><p class=\"luv_dynamic-d0896d65\"><strong>- K\u00f6z\u00f6ss\u00e9gi oldalak:<\/strong><\/p><ul><li>lehet\u0151v\u00e9 teszi, hogy k\u00f6nnyen hozz\u00e1f\u00e9rjen a k\u00f6z\u00f6ss\u00e9gi m\u00e9dia oldalakhoz, megoszthassa v\u00e9lem\u00e9ny\u00e9t, term\u00e9keink inform\u00e1ci\u00f3it m\u00e1sokkal. olyan harmadik f\u00e9l \u00e1ltal ny\u00fajtott funkci\u00f3k haszn\u00e1lhatj\u00e1k, mint p\u00e9ld\u00e1ul a Facebook, Twitter, Instagram vagy a Youtube. Ezek a cookie-k tartalmazhatnak szem\u00e9lyes adatokat \u00e9s alkalmasak a l\u00e1togat\u00f3 beazonos\u00edt\u00e1s\u00e1ra.<\/li><\/ul><p class=\"luv_dynamic-d0896d65\"><strong>- M\u00e9dia:<\/strong><\/p><ul><li>ezek seg\u00edts\u00e9g\u00e9vel k\u00e9pes p\u00e9ld\u00e1ul vide\u00f3kat megtekinteni az oldalon. Olyan harmadik f\u00e9l \u00e1ltal ny\u00fajtott funkci\u00f3k haszn\u00e1lj\u00e1k, mint p\u00e9ld\u00e1ul a Youtube. Ezek a cookie-k nem tartalmaznak szem\u00e9lyes adatokat \u00e9s nem alkalmasak arra, hogy a l\u00e1togat\u00f3t beazonos\u00edtsa.<\/li><\/ul><p class=\"luv_dynamic-d0896d65\"><strong>- Funkcion\u00e1lis:<\/strong><\/p><ul><li>ez mutatja meg, hogy a felhaszn\u00e1l\u00f3 j\u00e1rt-e m\u00e1r az oldalon \u00e9s azt milyen eszk\u00f6zzel tette. Megjegyzi a felhaszn\u00e1l\u00f3 nevet, jelsz\u00f3t, v\u00e1lasztott nyelvet, tart\u00f3zkod\u00e1si inform\u00e1ci\u00f3kat. Ezek a cookie-k tartalmazhatnak szem\u00e9lyes adatokat \u00e9s alkalmasak a l\u00e1togat\u00f3 beazonos\u00edt\u00e1s\u00e1ra.<\/li><\/ul><p class=\"luv_dynamic-d0896d65\"><strong>- Rekl\u00e1m:<\/strong><\/p><ul><li>ezek seg\u00edts\u00e9g\u00e9vel az \u00e9rdekl\u0151d\u00e9s\u00e9nek megfelel\u0151 inform\u00e1ci\u00f3kat, h\u00edrleveleket tudok k\u00fcldeni a felhaszn\u00e1l\u00f3nak. Ezek a cookie-k tartalmazhatnak szem\u00e9lyes adatokat \u00e9s alkalmasak a l\u00e1togat\u00f3 beazonos\u00edt\u00e1s\u00e1ra.<\/li><\/ul><p><em>A Cookie-k fajt\u00e1ival \u00e9s teljes m\u00e9rt\u00e9k\u0171 funkci\u00f3jukat le\u00edr\u00f3 inform\u00e1ci\u00f3kkal kapcsolatban keresse fel a www.allaboutcookies.org weboldalt.<\/em><\/p><p>Harmadik f\u00e9lt\u0151l sz\u00e1rmaz\u00f3 cookie-k, s\u00fctik haszn\u00e1lata is t\u00f6rt\u00e9nik a weboldalon. A cookie-k, s\u00fctit t\u00f6r\u00f6lhet\u0151ek \u00e9s tilthat\u00f3ak a b\u00f6ng\u00e9sz\u0151kb\u0151l. Ezen be\u00e1ll\u00edt\u00e1sair\u00f3l a b\u00f6ng\u00e9sz\u0151 hivatalos weboldal\u00e1n tal\u00e1l inform\u00e1ci\u00f3t.<\/p><\/div><h3>Cookie-k be\u00e1ll\u00edt\u00e1sa<\/h3><div><p>\u00d6nnek lehet\u0151s\u00e9ge van t\u00f6bbf\u00e9le m\u00f3don be\u00e1ll\u00edtani a cookie-k kezel\u00e9s\u00e9re vonatkoz\u00f3an b\u00f6ng\u00e9sz\u0151j\u00e9t. \u00c1ltal\u00e1noss\u00e1gban elmondhat\u00f3, hogy az al\u00e1bbiak szerint h\u00e1romf\u00e9le m\u00f3don \u00e1ll\u00edthat\u00f3ak be a b\u00f6ng\u00e9sz\u0151k:<\/p><ul><li>Minden cookie elfogad\u00e1sa<\/li><li>Minden cookie elutas\u00edt\u00e1sa<\/li><li>Minden egyes cookie haszn\u00e1latr\u00f3l \u00e9rtes\u00edt\u00e9s k\u00e9r\u00e9se<\/li><\/ul><p>A cookie-k be\u00e1ll\u00edt\u00e1saival kapcsolatban \u00e9rdemes k\u00f6r\u00fcln\u00e9zni b\u00f6ng\u00e9sz\u0151je \u201eOpci\u00f3k\u201d vagy \u201eBe\u00e1ll\u00edt\u00e1sok\u201d men\u00fcj\u00e9ben vagy ig\u00e9ybe venni keres\u0151je \u201eSeg\u00edts\u00e9g\u201d men\u00fcj\u00e9t. A leggyakrabban haszn\u00e1lt b\u00f6ng\u00e9sz\u0151k be\u00e1ll\u00edt\u00e1saival kapcsolatban seg\u00edts\u00e9get ny\u00fajthatnak az al\u00e1bbi weboldalak.<\/p><ul><li>Internet Explorer<\/li><li>Firefox<\/li><li>Chrome<\/li><\/ul><p>Fontos megjegyezni, hogy a weboldal cookie kezel\u00e9ssel k\u00e9sz\u00fclt. Amennyiben a kliens r\u00e9szlegesen vagy teljes eg\u00e9sz\u00e9ben letiltja ezek haszn\u00e1lat\u00e1t, megakad\u00e1lyozhatja a weboldal m\u0171k\u00f6d\u00e9s\u00e9t. Amennyiben ez \u00edgy t\u00f6rt\u00e9nik, lehetnek olyan funkci\u00f3k \u00e9s szolg\u00e1ltat\u00e1sok, amelyeket nem fog tudni ig\u00e9nybe venni teljes, vagy r\u00e9szleges m\u00e9rt\u00e9kben.<\/p><p class=\"_3p8\">Akkor is haszn\u00e1lunk cookie-kat, ha nincs a Felhaszn\u00e1l\u00f3nak regisztr\u00e1lt fi\u00f3kja, illetve ha kijelentkezett a fi\u00f3kb\u00f3l. Ha p\u00e9ld\u00e1ul a Felhaszn\u00e1l\u00f3 kijelentkezett a fi\u00f3kj\u00e1b\u00f3l, a k\u00f6vetkez\u0151k megk\u00f6nny\u00edt\u00e9s\u00e9re haszn\u00e1lunk cookie-kat:<\/p><ul class=\"uiList _341 _3p7 _4of _4kg\"><li><div class=\"fcb\">lev\u00e9lszemetet (spam) k\u00fcld\u0151k fi\u00f3kjainak azonos\u00edt\u00e1sa \u00e9s letilt\u00e1sa<\/div><\/li><li><div class=\"fcb\">a fi\u00f3k helyre\u00e1ll\u00edt\u00e1sa, ha esetleg elvesztene a hozz\u00e1f\u00e9r\u00e9s<\/div><\/li><li><div class=\"fcb\">tov\u00e1bbi biztons\u00e1gi funkci\u00f3k biztos\u00edt\u00e1sa, mint p\u00e9ld\u00e1ul a bejelentkez\u00e9si \u00e9rtes\u00edt\u00e9sek \u00e9s a bejelentkez\u00e9s-j\u00f3v\u00e1hagy\u00e1sok<\/div><\/li><li><div class=\"fcb\">kiskor\u00fa szem\u00e9lyek hamis sz\u00fclet\u00e9si d\u00e1tummal val\u00f3 regisztr\u00e1l\u00e1s\u00e1nak megakad\u00e1lyoz\u00e1sa<\/div><\/li><li><div class=\"fcb\">az oldalon \u00e9s m\u00e1shol megjelen\u00edtett hirdet\u00e9sek megjelen\u00edt\u00e9se, kiv\u00e1laszt\u00e1sa, \u00e9rt\u00e9kel\u00e9se, m\u00e9r\u00e9se \u00e9s \u00e9rtelmez\u00e9se (a t\u00e1rsv\u00e1llalkoz\u00e1saink vagy partnereink \u00e1ltal vagy nev\u00e9ben megjelen\u00edtett hirdet\u00e9seket is bele\u00e9rtve)<\/div><\/li><li><div class=\"fcb\">elemz\u00e9si inform\u00e1ci\u00f3k \u00f6ssze\u00e1ll\u00edt\u00e1sa azokr\u00f3l a szem\u00e9lyekr\u0151l, akik szolg\u00e1ltat\u00e1sainkkal, valamint hirdet\u0151ink \u00e9s partnereink weboldalaival \u00e9rintkez\u00e9sbe l\u00e9pnek.<\/div><\/li><\/ul><p class=\"_3p8\">A szolg\u00e1ltat\u00e1sok \u00e9s haszn\u00e1l\u00f3inak rosszindulat\u00fa tev\u00e9kenys\u00e9gekkel szembeni v\u00e9delem \u00e9rdek\u00e9ben akkor is elhelyez\u00fcnk cookie-kat, ha nincs a Felhaszn\u00e1l\u00f3nak fi\u00f3kja regisztr\u00e1lva, de ell\u00e1togatott a webhely\u00fcnkre. P\u00e9ld\u00e1ul ezek a cookie-k seg\u00edtenek \u00e9szleln\u00fcnk \u00e9s megakad\u00e1lyoznunk a szolg\u00e1ltat\u00e1s megszak\u00edt\u00e1s\u00e1t c\u00e9lz\u00f3 t\u00e1mad\u00e1sokat, valamint a hamis fi\u00f3kok t\u00f6meges l\u00e9trehoz\u00e1s\u00e1t.<\/p><p class=\"_3p8\">Ha a b\u00f6ng\u00e9sz\u0151ben, vagy a k\u00e9sz\u00fcl\u00e9ken vannak cookie-k, le tudjuk olvasni az adott cookie-t, amikor k\u00f6z\u00f6ss\u00e9gi modullal rendelkez\u0151 weboldalra l\u00e1togat. A \"K\u00f6z\u00f6ss\u00e9gi oldalak\" (Facebook, Twitter, LinkedIn, Instagram, stb.) \u00e1ltal l\u00e9trehozott cookie-k\u00e9rt azon oldalakat \u00fczemeltet\u0151 felel, melyr\u0151l az adott k\u00f6z\u00f6ss\u00e9gi oldal honlapj\u00e1n tud inform\u00e1l\u00f3dni.<\/p><\/div><\/div><\/div><\/div><\/div><\/div><\/div><\/div><\/div><\/div>","protected":false},"excerpt":{"rendered":"<p>Adatv\u00e9delmi t\u00e1j\u00e9koztat\u00f3A jelen Adatv\u00e9delmi Szab\u00e1lyzat az abrahampartners.hu avagy Abraham &amp; Partners Kft., mint szolg\u00e1ltat\u00f3 (\u201cSzolg\u00e1ltat\u00f3\u201d) \u00e1ltal \u00fczemeltetett honlap haszn\u00e1lat\u00e1ra vonatkoz\u00f3 s\u00fcti (tov\u00e1bbiakban angolul: cookie) felt\u00e9teleket tartalmazz\u00e1k. A weboldal kialak\u00edt\u00e1s\u00e1n\u00e1l figyelt\u00fcnk a cookie-k tov\u00e1bbi felhaszn\u00e1l\u00e1s\u00e1ra vonatkoz\u00f3 el\u0151\u00edr\u00e1sokra. Ezen haszn\u00e1latra vonatkoz\u00f3an az al\u00e1bbi el\u0151\u00edr\u00e1sokat vett\u00fck figyelembe \u00e9s ezeknek megfelel\u0151en haszn\u00e1ljuk:2003. \u00e9vi C. t\u00f6rv\u00e9ny az elektronikus h\u00edrk\u00f6zl\u00e9sr\u0151l2001. \u00e9vi&hellip;<\/p>","protected":false},"author":1,"featured_media":0,"parent":0,"menu_order":0,"comment_status":"closed","ping_status":"closed","template":"","meta":{"footnotes":""},"class_list":["post-185","page","type-page","status-publish","hentry","description-off"],"yoast_head":"<!-- This site is optimized with the Yoast SEO plugin v27.4 - https:\/\/yoast.com\/product\/yoast-seo-wordpress\/ -->\n<title>K\u00f6nyvel\u00e9s B\u00e9rsz\u00e1mfejt\u00e9s Ad\u00f3tan\u00e1csad\u00e1s - Abraham &amp; Partners<\/title>\n<meta name=\"description\" content=\"K\u00f6nyvel\u00e9s, b\u00e9rsz\u00e1mfejt\u00e9s, ad\u00f3tan\u00e1csad\u00e1s 30 \u00e9v tapasztalattal Budapesten, magyar, angol, cseh \u00e9s szlov\u00e1k nyelven. Keressen minket bizalommal!\" \/>\n<meta name=\"robots\" content=\"noindex, nofollow\" \/>\n<meta property=\"og:locale\" content=\"sk_SK\" \/>\n<meta property=\"og:type\" content=\"article\" \/>\n<meta property=\"og:title\" content=\"K\u00f6nyvel\u00e9s B\u00e9rsz\u00e1mfejt\u00e9s Ad\u00f3tan\u00e1csad\u00e1s - Abraham &amp; Partners\" \/>\n<meta property=\"og:description\" content=\"K\u00f6nyvel\u00e9s, b\u00e9rsz\u00e1mfejt\u00e9s, ad\u00f3tan\u00e1csad\u00e1s 30 \u00e9v tapasztalattal Budapesten, magyar, angol, cseh \u00e9s szlov\u00e1k nyelven. Keressen minket bizalommal!\" \/>\n<meta property=\"og:url\" content=\"https:\/\/abrahampartners.hu\/sk\/adatvedelmi-tajekoztato\/\" \/>\n<meta property=\"og:site_name\" content=\"K\u00f6nyvel\u00e9s B\u00e9rsz\u00e1mfejt\u00e9s Ad\u00f3tan\u00e1csad\u00e1s - Abraham &amp; Partners\" \/>\n<meta property=\"article:publisher\" content=\"https:\/\/www.facebook.com\/abrahampartners.hu\/\" \/>\n<meta property=\"article:modified_time\" content=\"2024-01-23T13:01:25+00:00\" \/>\n<meta name=\"twitter:card\" content=\"summary_large_image\" \/>\n<meta name=\"twitter:site\" content=\"@AbrahamPartners\" \/>\n<meta name=\"twitter:label1\" content=\"Predpokladan\u00fd \u010das \u010d\u00edtania\" \/>\n\t<meta name=\"twitter:data1\" content=\"4 min\u00faty\" \/>\n<script type=\"application\/ld+json\" class=\"yoast-schema-graph\">{\"@context\":\"https:\\\/\\\/schema.org\",\"@graph\":[{\"@type\":\"WebPage\",\"@id\":\"https:\\\/\\\/abrahampartners.hu\\\/adatvedelmi-tajekoztato\\\/\",\"url\":\"https:\\\/\\\/abrahampartners.hu\\\/adatvedelmi-tajekoztato\\\/\",\"name\":\"K\u00f6nyvel\u00e9s B\u00e9rsz\u00e1mfejt\u00e9s Ad\u00f3tan\u00e1csad\u00e1s - Abraham &amp; Partners\",\"isPartOf\":{\"@id\":\"https:\\\/\\\/abrahampartners.hu\\\/hu\\\/#website\"},\"datePublished\":\"2019-07-04T08:34:10+00:00\",\"dateModified\":\"2024-01-23T13:01:25+00:00\",\"description\":\"K\u00f6nyvel\u00e9s, b\u00e9rsz\u00e1mfejt\u00e9s, ad\u00f3tan\u00e1csad\u00e1s 30 \u00e9v tapasztalattal Budapesten, magyar, angol, cseh \u00e9s szlov\u00e1k nyelven. Keressen minket bizalommal!\",\"breadcrumb\":{\"@id\":\"https:\\\/\\\/abrahampartners.hu\\\/adatvedelmi-tajekoztato\\\/#breadcrumb\"},\"inLanguage\":\"sk-SK\",\"potentialAction\":[{\"@type\":\"ReadAction\",\"target\":[\"https:\\\/\\\/abrahampartners.hu\\\/adatvedelmi-tajekoztato\\\/\"]}]},{\"@type\":\"BreadcrumbList\",\"@id\":\"https:\\\/\\\/abrahampartners.hu\\\/adatvedelmi-tajekoztato\\\/#breadcrumb\",\"itemListElement\":[{\"@type\":\"ListItem\",\"position\":1,\"name\":\"Home\",\"item\":\"https:\\\/\\\/abrahampartners.hu\\\/\"},{\"@type\":\"ListItem\",\"position\":2,\"name\":\"Adatv\u00e9delmi t\u00e1j\u00e9koztat\u00f3\"}]},{\"@type\":\"WebSite\",\"@id\":\"https:\\\/\\\/abrahampartners.hu\\\/hu\\\/#website\",\"url\":\"https:\\\/\\\/abrahampartners.hu\\\/hu\\\/\",\"name\":\"K\u00f6nyvel\u00e9s B\u00e9rsz\u00e1mfejt\u00e9s Ad\u00f3tan\u00e1csad\u00e1s - Abraham & Partners\",\"description\":\"K\u00f6nyvel\u00e9s, b\u00e9rsz\u00e1mfejt\u00e9s, ad\u00f3tan\u00e1csad\u00e1s 30 \u00e9v tapasztalattal Budapesten, magyar, angol, cseh \u00e9s szlov\u00e1k nyelven. Keressen minket bizalommal!\",\"potentialAction\":[{\"@type\":\"SearchAction\",\"target\":{\"@type\":\"EntryPoint\",\"urlTemplate\":\"https:\\\/\\\/abrahampartners.hu\\\/hu\\\/?s={search_term_string}\"},\"query-input\":{\"@type\":\"PropertyValueSpecification\",\"valueRequired\":true,\"valueName\":\"search_term_string\"}}],\"inLanguage\":\"sk-SK\"}]}<\/script>\n<!-- \/ Yoast SEO plugin. -->","yoast_head_json":{"title":"K\u00f6nyvel\u00e9s B\u00e9rsz\u00e1mfejt\u00e9s Ad\u00f3tan\u00e1csad\u00e1s - Abraham &amp; Partners","description":"K\u00f6nyvel\u00e9s, b\u00e9rsz\u00e1mfejt\u00e9s, ad\u00f3tan\u00e1csad\u00e1s 30 \u00e9v tapasztalattal Budapesten, magyar, angol, cseh \u00e9s szlov\u00e1k nyelven. Keressen minket bizalommal!","robots":{"index":"noindex","follow":"nofollow"},"og_locale":"sk_SK","og_type":"article","og_title":"K\u00f6nyvel\u00e9s B\u00e9rsz\u00e1mfejt\u00e9s Ad\u00f3tan\u00e1csad\u00e1s - Abraham &amp; Partners","og_description":"K\u00f6nyvel\u00e9s, b\u00e9rsz\u00e1mfejt\u00e9s, ad\u00f3tan\u00e1csad\u00e1s 30 \u00e9v tapasztalattal Budapesten, magyar, angol, cseh \u00e9s szlov\u00e1k nyelven. Keressen minket bizalommal!","og_url":"https:\/\/abrahampartners.hu\/sk\/adatvedelmi-tajekoztato\/","og_site_name":"K\u00f6nyvel\u00e9s B\u00e9rsz\u00e1mfejt\u00e9s Ad\u00f3tan\u00e1csad\u00e1s - Abraham &amp; Partners","article_publisher":"https:\/\/www.facebook.com\/abrahampartners.hu\/","article_modified_time":"2024-01-23T13:01:25+00:00","twitter_card":"summary_large_image","twitter_site":"@AbrahamPartners","twitter_misc":{"Predpokladan\u00fd \u010das \u010d\u00edtania":"4 min\u00faty"},"schema":{"@context":"https:\/\/schema.org","@graph":[{"@type":"WebPage","@id":"https:\/\/abrahampartners.hu\/adatvedelmi-tajekoztato\/","url":"https:\/\/abrahampartners.hu\/adatvedelmi-tajekoztato\/","name":"K\u00f6nyvel\u00e9s B\u00e9rsz\u00e1mfejt\u00e9s Ad\u00f3tan\u00e1csad\u00e1s - Abraham &amp; Partners","isPartOf":{"@id":"https:\/\/abrahampartners.hu\/hu\/#website"},"datePublished":"2019-07-04T08:34:10+00:00","dateModified":"2024-01-23T13:01:25+00:00","description":"K\u00f6nyvel\u00e9s, b\u00e9rsz\u00e1mfejt\u00e9s, ad\u00f3tan\u00e1csad\u00e1s 30 \u00e9v tapasztalattal Budapesten, magyar, angol, cseh \u00e9s szlov\u00e1k nyelven. Keressen minket bizalommal!","breadcrumb":{"@id":"https:\/\/abrahampartners.hu\/adatvedelmi-tajekoztato\/#breadcrumb"},"inLanguage":"sk-SK","potentialAction":[{"@type":"ReadAction","target":["https:\/\/abrahampartners.hu\/adatvedelmi-tajekoztato\/"]}]},{"@type":"BreadcrumbList","@id":"https:\/\/abrahampartners.hu\/adatvedelmi-tajekoztato\/#breadcrumb","itemListElement":[{"@type":"ListItem","position":1,"name":"Home","item":"https:\/\/abrahampartners.hu\/"},{"@type":"ListItem","position":2,"name":"Adatv\u00e9delmi t\u00e1j\u00e9koztat\u00f3"}]},{"@type":"WebSite","@id":"https:\/\/abrahampartners.hu\/hu\/#website","url":"https:\/\/abrahampartners.hu\/hu\/","name":"K\u00f6nyvel\u00e9s B\u00e9rsz\u00e1mfejt\u00e9s Ad\u00f3tan\u00e1csad\u00e1s - Abraham & Partners","description":"K\u00f6nyvel\u00e9s, b\u00e9rsz\u00e1mfejt\u00e9s, ad\u00f3tan\u00e1csad\u00e1s 30 \u00e9v tapasztalattal Budapesten, magyar, angol, cseh \u00e9s szlov\u00e1k nyelven. Keressen minket bizalommal!","potentialAction":[{"@type":"SearchAction","target":{"@type":"EntryPoint","urlTemplate":"https:\/\/abrahampartners.hu\/hu\/?s={search_term_string}"},"query-input":{"@type":"PropertyValueSpecification","valueRequired":true,"valueName":"search_term_string"}}],"inLanguage":"sk-SK"}]}},"wps_subtitle":"","_links":{"self":[{"href":"https:\/\/abrahampartners.hu\/sk\/wp-json\/wp\/v2\/pages\/185","targetHints":{"allow":["GET"]}}],"collection":[{"href":"https:\/\/abrahampartners.hu\/sk\/wp-json\/wp\/v2\/pages"}],"about":[{"href":"https:\/\/abrahampartners.hu\/sk\/wp-json\/wp\/v2\/types\/page"}],"author":[{"embeddable":true,"href":"https:\/\/abrahampartners.hu\/sk\/wp-json\/wp\/v2\/users\/1"}],"replies":[{"embeddable":true,"href":"https:\/\/abrahampartners.hu\/sk\/wp-json\/wp\/v2\/comments?post=185"}],"version-history":[{"count":6,"href":"https:\/\/abrahampartners.hu\/sk\/wp-json\/wp\/v2\/pages\/185\/revisions"}],"predecessor-version":[{"id":1249,"href":"https:\/\/abrahampartners.hu\/sk\/wp-json\/wp\/v2\/pages\/185\/revisions\/1249"}],"wp:attachment":[{"href":"https:\/\/abrahampartners.hu\/sk\/wp-json\/wp\/v2\/media?parent=185"}],"curies":[{"name":"wp","href":"https:\/\/api.w.org\/{rel}","templated":true}]}}