{"id":1137,"date":"2024-01-03T12:48:57","date_gmt":"2024-01-03T11:48:57","guid":{"rendered":"https:\/\/abrahampartners.hu\/?page_id=1137"},"modified":"2024-01-03T21:58:25","modified_gmt":"2024-01-03T20:58:25","slug":"panasz","status":"publish","type":"page","link":"https:\/\/abrahampartners.hu\/en\/panasz\/","title":{"rendered":"Complaint report"},"content":{"rendered":"<p><img loading=\"lazy\" decoding=\"async\" class=\"size-medium wp-image-1138 aligncenter\" src=\"https:\/\/abrahampartners.hu\/wp-content\/uploads\/2024\/01\/2.1.2.-logo-vilagos-300x300.png\" alt=\"\" width=\"300\" height=\"300\" srcset=\"https:\/\/abrahampartners.hu\/wp-content\/uploads\/2024\/01\/2.1.2.-logo-vilagos-300x300.png 300w, https:\/\/abrahampartners.hu\/wp-content\/uploads\/2024\/01\/2.1.2.-logo-vilagos-150x150.png 150w, https:\/\/abrahampartners.hu\/wp-content\/uploads\/2024\/01\/2.1.2.-logo-vilagos-12x12.png 12w, https:\/\/abrahampartners.hu\/wp-content\/uploads\/2024\/01\/2.1.2.-logo-vilagos-320x320.png 320w, https:\/\/abrahampartners.hu\/wp-content\/uploads\/2024\/01\/2.1.2.-logo-vilagos-480x480.png 480w, https:\/\/abrahampartners.hu\/wp-content\/uploads\/2024\/01\/2.1.2.-logo-vilagos.png 500w\" sizes=\"auto, (max-width: 300px) 100vw, 300px\" \/><\/p>\n<p>A 2023. \u00e9vi XXV. t\u00f6rv\u00e9ny a panaszokr\u00f3l, a k\u00f6z\u00e9rdek\u0171 bejelent\u00e9sekr\u0151l, valamint a vissza\u00e9l\u00e9sek bejelent\u00e9s\u00e9vel \u00f6sszef\u00fcgg\u0151 szab\u00e1lyokr\u00f3l \u00e1ltali k\u00f6telezetts\u00e9gemnek eleget t\u00e9ve t\u00e1j\u00e9koztatom a szerz\u0151d\u00f6tt partnerem \u00e1ltal biztos\u00edtott bels\u0151- vissza\u00e9l\u00e9s bejelent\u0151 rendszer el\u00e9rhet\u0151s\u00e9g\u00e9r\u0151l:<\/p>\n<p>\u2014&#8211;<\/p>\n<p>I inform you of the availability of the internal Whistleblowing System provided by my contracted partner:<\/p>\n<p>\u2014&#8212;-<\/p>\n<blockquote class=\"wp-embedded-content\" data-secret=\"H99qi3xCfs\"><p><a href=\"https:\/\/officeprotector.hu\/bejelento-2\/\">Bejelent\u0151<\/a><\/p><\/blockquote>\n<p><iframe loading=\"lazy\" class=\"wp-embedded-content\" sandbox=\"allow-scripts\" security=\"restricted\" style=\"position: absolute; clip: rect(1px, 1px, 1px, 1px);\" title=\"&#8220;Bejelent\u0151&#8221; &#8212; OfficeProtector || Az irodai vissza\u00e9l\u00e9s-bejelent\u0151 rendszer\" src=\"https:\/\/officeprotector.hu\/bejelento-2\/embed\/#?secret=DTXdT6IPvM#?secret=H99qi3xCfs\" data-secret=\"H99qi3xCfs\" width=\"600\" height=\"338\" frameborder=\"0\" marginwidth=\"0\" marginheight=\"0\" scrolling=\"no\"><\/iframe><\/p>\n<p><img loading=\"lazy\" decoding=\"async\" class=\"alignnone size-full wp-image-1139\" src=\"https:\/\/abrahampartners.hu\/wp-content\/uploads\/2024\/01\/2.1.3.QR-kod_Bejelento.png\" alt=\"\" width=\"174\" height=\"174\" srcset=\"https:\/\/abrahampartners.hu\/wp-content\/uploads\/2024\/01\/2.1.3.QR-kod_Bejelento.png 174w, https:\/\/abrahampartners.hu\/wp-content\/uploads\/2024\/01\/2.1.3.QR-kod_Bejelento-150x150.png 150w, https:\/\/abrahampartners.hu\/wp-content\/uploads\/2024\/01\/2.1.3.QR-kod_Bejelento-12x12.png 12w\" sizes=\"auto, (max-width: 174px) 100vw, 174px\" \/><\/p>\n<p>Adatfeldolgoz\u00f3 neve: OfficeProtector (Iv\u00e1nka-Csontos Andrea ev.)<br \/>\nAdatok k\u00f6re: panaszbejelent\u00e9st \u00e9rint\u0151 adatok<br \/>\nC\u00edm: www.officeprotector.hu (5000 Szolnok, Dr Kronberg J. 9.)<\/p>","protected":false},"excerpt":{"rendered":"<p>A 2023. \u00e9vi XXV. t\u00f6rv\u00e9ny a panaszokr\u00f3l, a k\u00f6z\u00e9rdek\u0171 bejelent\u00e9sekr\u0151l, valamint a vissza\u00e9l\u00e9sek bejelent\u00e9s\u00e9vel \u00f6sszef\u00fcgg\u0151 szab\u00e1lyokr\u00f3l \u00e1ltali k\u00f6telezetts\u00e9gemnek eleget t\u00e9ve t\u00e1j\u00e9koztatom a szerz\u0151d\u00f6tt partnerem \u00e1ltal biztos\u00edtott bels\u0151- vissza\u00e9l\u00e9s bejelent\u0151 rendszer el\u00e9rhet\u0151s\u00e9g\u00e9r\u0151l: \u2014&#8211; I inform you of the availability of the internal Whistleblowing System provided by my contracted partner: \u2014&#8212;- Bejelent\u0151 Adatfeldolgoz\u00f3 neve: OfficeProtector (Iv\u00e1nka-Csontos Andrea&hellip;<\/p>","protected":false},"author":1,"featured_media":0,"parent":0,"menu_order":0,"comment_status":"closed","ping_status":"closed","template":"","meta":{"footnotes":""},"class_list":["post-1137","page","type-page","status-publish","hentry","description-off"],"yoast_head":"<!-- This site is optimized with the Yoast SEO plugin v27.4 - https:\/\/yoast.com\/product\/yoast-seo-wordpress\/ -->\n<title>K\u00f6nyvel\u00e9s B\u00e9rsz\u00e1mfejt\u00e9s Ad\u00f3tan\u00e1csad\u00e1s - Abraham &amp; Partners<\/title>\n<meta name=\"description\" content=\"K\u00f6nyvel\u00e9s, b\u00e9rsz\u00e1mfejt\u00e9s, ad\u00f3tan\u00e1csad\u00e1s 30 \u00e9v tapasztalattal Budapesten, magyar, angol, cseh \u00e9s szlov\u00e1k nyelven. Keressen minket bizalommal!\" \/>\n<meta name=\"robots\" content=\"noindex, nofollow\" \/>\n<meta property=\"og:locale\" content=\"en_US\" \/>\n<meta property=\"og:type\" content=\"article\" \/>\n<meta property=\"og:title\" content=\"K\u00f6nyvel\u00e9s B\u00e9rsz\u00e1mfejt\u00e9s Ad\u00f3tan\u00e1csad\u00e1s - Abraham &amp; Partners\" \/>\n<meta property=\"og:description\" content=\"K\u00f6nyvel\u00e9s, b\u00e9rsz\u00e1mfejt\u00e9s, ad\u00f3tan\u00e1csad\u00e1s 30 \u00e9v tapasztalattal Budapesten, magyar, angol, cseh \u00e9s szlov\u00e1k nyelven. Keressen minket bizalommal!\" \/>\n<meta property=\"og:url\" content=\"https:\/\/abrahampartners.hu\/en\/panasz\/\" \/>\n<meta property=\"og:site_name\" content=\"K\u00f6nyvel\u00e9s B\u00e9rsz\u00e1mfejt\u00e9s Ad\u00f3tan\u00e1csad\u00e1s - Abraham &amp; Partners\" \/>\n<meta property=\"article:publisher\" content=\"https:\/\/www.facebook.com\/abrahampartners.hu\/\" \/>\n<meta property=\"article:modified_time\" content=\"2024-01-03T20:58:25+00:00\" \/>\n<meta property=\"og:image\" content=\"https:\/\/abrahampartners.hu\/wp-content\/uploads\/2024\/01\/2.1.2.-logo-vilagos-300x300.png\" \/>\n<meta name=\"twitter:card\" content=\"summary_large_image\" \/>\n<meta name=\"twitter:site\" content=\"@AbrahamPartners\" \/>\n<meta name=\"twitter:label1\" content=\"Est. reading time\" \/>\n\t<meta name=\"twitter:data1\" content=\"1 minute\" \/>\n<script type=\"application\/ld+json\" class=\"yoast-schema-graph\">{\"@context\":\"https:\\\/\\\/schema.org\",\"@graph\":[{\"@type\":\"WebPage\",\"@id\":\"https:\\\/\\\/abrahampartners.hu\\\/panasz\\\/\",\"url\":\"https:\\\/\\\/abrahampartners.hu\\\/panasz\\\/\",\"name\":\"K\u00f6nyvel\u00e9s B\u00e9rsz\u00e1mfejt\u00e9s Ad\u00f3tan\u00e1csad\u00e1s - Abraham &amp; Partners\",\"isPartOf\":{\"@id\":\"https:\\\/\\\/abrahampartners.hu\\\/hu\\\/#website\"},\"primaryImageOfPage\":{\"@id\":\"https:\\\/\\\/abrahampartners.hu\\\/panasz\\\/#primaryimage\"},\"image\":{\"@id\":\"https:\\\/\\\/abrahampartners.hu\\\/panasz\\\/#primaryimage\"},\"thumbnailUrl\":\"https:\\\/\\\/abrahampartners.hu\\\/wp-content\\\/uploads\\\/2024\\\/01\\\/2.1.2.-logo-vilagos-300x300.png\",\"datePublished\":\"2024-01-03T11:48:57+00:00\",\"dateModified\":\"2024-01-03T20:58:25+00:00\",\"description\":\"K\u00f6nyvel\u00e9s, b\u00e9rsz\u00e1mfejt\u00e9s, ad\u00f3tan\u00e1csad\u00e1s 30 \u00e9v tapasztalattal Budapesten, magyar, angol, cseh \u00e9s szlov\u00e1k nyelven. Keressen minket bizalommal!\",\"breadcrumb\":{\"@id\":\"https:\\\/\\\/abrahampartners.hu\\\/panasz\\\/#breadcrumb\"},\"inLanguage\":\"en-US\",\"potentialAction\":[{\"@type\":\"ReadAction\",\"target\":[\"https:\\\/\\\/abrahampartners.hu\\\/panasz\\\/\"]}]},{\"@type\":\"ImageObject\",\"inLanguage\":\"en-US\",\"@id\":\"https:\\\/\\\/abrahampartners.hu\\\/panasz\\\/#primaryimage\",\"url\":\"https:\\\/\\\/abrahampartners.hu\\\/wp-content\\\/uploads\\\/2024\\\/01\\\/2.1.2.-logo-vilagos-300x300.png\",\"contentUrl\":\"https:\\\/\\\/abrahampartners.hu\\\/wp-content\\\/uploads\\\/2024\\\/01\\\/2.1.2.-logo-vilagos-300x300.png\"},{\"@type\":\"BreadcrumbList\",\"@id\":\"https:\\\/\\\/abrahampartners.hu\\\/panasz\\\/#breadcrumb\",\"itemListElement\":[{\"@type\":\"ListItem\",\"position\":1,\"name\":\"Home\",\"item\":\"https:\\\/\\\/abrahampartners.hu\\\/\"},{\"@type\":\"ListItem\",\"position\":2,\"name\":\"Panaszbejelent\u00e9s\"}]},{\"@type\":\"WebSite\",\"@id\":\"https:\\\/\\\/abrahampartners.hu\\\/hu\\\/#website\",\"url\":\"https:\\\/\\\/abrahampartners.hu\\\/hu\\\/\",\"name\":\"K\u00f6nyvel\u00e9s B\u00e9rsz\u00e1mfejt\u00e9s Ad\u00f3tan\u00e1csad\u00e1s - Abraham & Partners\",\"description\":\"K\u00f6nyvel\u00e9s, b\u00e9rsz\u00e1mfejt\u00e9s, ad\u00f3tan\u00e1csad\u00e1s 30 \u00e9v tapasztalattal Budapesten, magyar, angol, cseh \u00e9s szlov\u00e1k nyelven. Keressen minket bizalommal!\",\"potentialAction\":[{\"@type\":\"SearchAction\",\"target\":{\"@type\":\"EntryPoint\",\"urlTemplate\":\"https:\\\/\\\/abrahampartners.hu\\\/hu\\\/?s={search_term_string}\"},\"query-input\":{\"@type\":\"PropertyValueSpecification\",\"valueRequired\":true,\"valueName\":\"search_term_string\"}}],\"inLanguage\":\"en-US\"}]}<\/script>\n<!-- \/ Yoast SEO plugin. -->","yoast_head_json":{"title":"K\u00f6nyvel\u00e9s B\u00e9rsz\u00e1mfejt\u00e9s Ad\u00f3tan\u00e1csad\u00e1s - Abraham &amp; Partners","description":"K\u00f6nyvel\u00e9s, b\u00e9rsz\u00e1mfejt\u00e9s, ad\u00f3tan\u00e1csad\u00e1s 30 \u00e9v tapasztalattal Budapesten, magyar, angol, cseh \u00e9s szlov\u00e1k nyelven. Keressen minket bizalommal!","robots":{"index":"noindex","follow":"nofollow"},"og_locale":"en_US","og_type":"article","og_title":"K\u00f6nyvel\u00e9s B\u00e9rsz\u00e1mfejt\u00e9s Ad\u00f3tan\u00e1csad\u00e1s - Abraham &amp; Partners","og_description":"K\u00f6nyvel\u00e9s, b\u00e9rsz\u00e1mfejt\u00e9s, ad\u00f3tan\u00e1csad\u00e1s 30 \u00e9v tapasztalattal Budapesten, magyar, angol, cseh \u00e9s szlov\u00e1k nyelven. Keressen minket bizalommal!","og_url":"https:\/\/abrahampartners.hu\/en\/panasz\/","og_site_name":"K\u00f6nyvel\u00e9s B\u00e9rsz\u00e1mfejt\u00e9s Ad\u00f3tan\u00e1csad\u00e1s - Abraham &amp; Partners","article_publisher":"https:\/\/www.facebook.com\/abrahampartners.hu\/","article_modified_time":"2024-01-03T20:58:25+00:00","og_image":[{"url":"https:\/\/abrahampartners.hu\/wp-content\/uploads\/2024\/01\/2.1.2.-logo-vilagos-300x300.png","type":"","width":"","height":""}],"twitter_card":"summary_large_image","twitter_site":"@AbrahamPartners","twitter_misc":{"Est. reading time":"1 minute"},"schema":{"@context":"https:\/\/schema.org","@graph":[{"@type":"WebPage","@id":"https:\/\/abrahampartners.hu\/panasz\/","url":"https:\/\/abrahampartners.hu\/panasz\/","name":"K\u00f6nyvel\u00e9s B\u00e9rsz\u00e1mfejt\u00e9s Ad\u00f3tan\u00e1csad\u00e1s - Abraham &amp; Partners","isPartOf":{"@id":"https:\/\/abrahampartners.hu\/hu\/#website"},"primaryImageOfPage":{"@id":"https:\/\/abrahampartners.hu\/panasz\/#primaryimage"},"image":{"@id":"https:\/\/abrahampartners.hu\/panasz\/#primaryimage"},"thumbnailUrl":"https:\/\/abrahampartners.hu\/wp-content\/uploads\/2024\/01\/2.1.2.-logo-vilagos-300x300.png","datePublished":"2024-01-03T11:48:57+00:00","dateModified":"2024-01-03T20:58:25+00:00","description":"K\u00f6nyvel\u00e9s, b\u00e9rsz\u00e1mfejt\u00e9s, ad\u00f3tan\u00e1csad\u00e1s 30 \u00e9v tapasztalattal Budapesten, magyar, angol, cseh \u00e9s szlov\u00e1k nyelven. Keressen minket bizalommal!","breadcrumb":{"@id":"https:\/\/abrahampartners.hu\/panasz\/#breadcrumb"},"inLanguage":"en-US","potentialAction":[{"@type":"ReadAction","target":["https:\/\/abrahampartners.hu\/panasz\/"]}]},{"@type":"ImageObject","inLanguage":"en-US","@id":"https:\/\/abrahampartners.hu\/panasz\/#primaryimage","url":"https:\/\/abrahampartners.hu\/wp-content\/uploads\/2024\/01\/2.1.2.-logo-vilagos-300x300.png","contentUrl":"https:\/\/abrahampartners.hu\/wp-content\/uploads\/2024\/01\/2.1.2.-logo-vilagos-300x300.png"},{"@type":"BreadcrumbList","@id":"https:\/\/abrahampartners.hu\/panasz\/#breadcrumb","itemListElement":[{"@type":"ListItem","position":1,"name":"Home","item":"https:\/\/abrahampartners.hu\/"},{"@type":"ListItem","position":2,"name":"Panaszbejelent\u00e9s"}]},{"@type":"WebSite","@id":"https:\/\/abrahampartners.hu\/hu\/#website","url":"https:\/\/abrahampartners.hu\/hu\/","name":"K\u00f6nyvel\u00e9s B\u00e9rsz\u00e1mfejt\u00e9s Ad\u00f3tan\u00e1csad\u00e1s - Abraham & Partners","description":"K\u00f6nyvel\u00e9s, b\u00e9rsz\u00e1mfejt\u00e9s, ad\u00f3tan\u00e1csad\u00e1s 30 \u00e9v tapasztalattal Budapesten, magyar, angol, cseh \u00e9s szlov\u00e1k nyelven. Keressen minket bizalommal!","potentialAction":[{"@type":"SearchAction","target":{"@type":"EntryPoint","urlTemplate":"https:\/\/abrahampartners.hu\/hu\/?s={search_term_string}"},"query-input":{"@type":"PropertyValueSpecification","valueRequired":true,"valueName":"search_term_string"}}],"inLanguage":"en-US"}]}},"wps_subtitle":"","_links":{"self":[{"href":"https:\/\/abrahampartners.hu\/en\/wp-json\/wp\/v2\/pages\/1137","targetHints":{"allow":["GET"]}}],"collection":[{"href":"https:\/\/abrahampartners.hu\/en\/wp-json\/wp\/v2\/pages"}],"about":[{"href":"https:\/\/abrahampartners.hu\/en\/wp-json\/wp\/v2\/types\/page"}],"author":[{"embeddable":true,"href":"https:\/\/abrahampartners.hu\/en\/wp-json\/wp\/v2\/users\/1"}],"replies":[{"embeddable":true,"href":"https:\/\/abrahampartners.hu\/en\/wp-json\/wp\/v2\/comments?post=1137"}],"version-history":[{"count":1,"href":"https:\/\/abrahampartners.hu\/en\/wp-json\/wp\/v2\/pages\/1137\/revisions"}],"predecessor-version":[{"id":1140,"href":"https:\/\/abrahampartners.hu\/en\/wp-json\/wp\/v2\/pages\/1137\/revisions\/1140"}],"wp:attachment":[{"href":"https:\/\/abrahampartners.hu\/en\/wp-json\/wp\/v2\/media?parent=1137"}],"curies":[{"name":"wp","href":"https:\/\/api.w.org\/{rel}","templated":true}]}}